{"id":92,"date":"2022-07-29T15:01:14","date_gmt":"2022-07-29T15:01:14","guid":{"rendered":"https:\/\/sokokanzlei.myhappyspace.de\/?page_id=92"},"modified":"2022-07-29T15:01:14","modified_gmt":"2022-07-29T15:01:14","slug":"impressum","status":"publish","type":"page","link":"https:\/\/kanzlei.soko-livekrimi.de\/?page_id=92","title":{"rendered":"Impressum"},"content":{"rendered":"\n<p>Diese Seite geh\u00f6rt zu:<\/p>\n\n\n\n<p>SOKO Mord am Lord &#8211; ein interaktives Mitmachkrimi von:<\/p>\n\n\n\n<p>Angaben gem\u00e4\u00df \u00a7 5 TMG<br>Valerie Dusange<br>c\/o Stephanie Bischoff<br>Malter 1a<br>59174 Kamen<br>Kontakt<br>E-Mail: valerie@myhappyspace.de<br>Quelle:<br>https:\/\/www.e-recht24.de\/impressum-generator.html<br><\/p>\n","protected":false},"excerpt":{"rendered":"<p>Diese Seite geh\u00f6rt zu: SOKO Mord am Lord &#8211; ein interaktives Mitmachkrimi von: Angaben gem\u00e4\u00df \u00a7 5 TMGValerie Dusangec\/o Stephanie BischoffMalter 1a59174 KamenKontaktE-Mail: valerie@myhappyspace.deQuelle:https:\/\/www.e-recht24.de\/impressum-generator.html<\/p>\n","protected":false},"author":1,"featured_media":0,"parent":0,"menu_order":0,"comment_status":"closed","ping_status":"closed","template":"","meta":{"footnotes":""},"class_list":["post-92","page","type-page","status-publish","hentry"],"_links":{"self":[{"href":"https:\/\/kanzlei.soko-livekrimi.de\/index.php?rest_route=\/wp\/v2\/pages\/92","targetHints":{"allow":["GET"]}}],"collection":[{"href":"https:\/\/kanzlei.soko-livekrimi.de\/index.php?rest_route=\/wp\/v2\/pages"}],"about":[{"href":"https:\/\/kanzlei.soko-livekrimi.de\/index.php?rest_route=\/wp\/v2\/types\/page"}],"author":[{"embeddable":true,"href":"https:\/\/kanzlei.soko-livekrimi.de\/index.php?rest_route=\/wp\/v2\/users\/1"}],"replies":[{"embeddable":true,"href":"https:\/\/kanzlei.soko-livekrimi.de\/index.php?rest_route=%2Fwp%2Fv2%2Fcomments&post=92"}],"version-history":[{"count":0,"href":"https:\/\/kanzlei.soko-livekrimi.de\/index.php?rest_route=\/wp\/v2\/pages\/92\/revisions"}],"wp:attachment":[{"href":"https:\/\/kanzlei.soko-livekrimi.de\/index.php?rest_route=%2Fwp%2Fv2%2Fmedia&parent=92"}],"curies":[{"name":"wp","href":"https:\/\/api.w.org\/{rel}","templated":true}]}}