{"id":71,"date":"2022-07-29T14:29:19","date_gmt":"2022-07-29T14:29:19","guid":{"rendered":"https:\/\/sokokanzlei.myhappyspace.de\/?page_id=71"},"modified":"2024-11-13T06:10:59","modified_gmt":"2024-11-13T06:10:59","slug":"unser-team","status":"publish","type":"page","link":"https:\/\/kanzlei.soko-livekrimi.de\/?page_id=71","title":{"rendered":"Unser Team"},"content":{"rendered":"<style>\/*! elementor - v3.6.8 - 27-07-2022 *\/<br \/>\n.elementor-widget-image{text-align:center}.elementor-widget-image a{display:inline-block}.elementor-widget-image a img[src$=\".svg\"]{width:48px}.elementor-widget-image img{vertical-align:middle;display:inline-block}<\/style>\n<p><img loading=\"lazy\" decoding=\"async\" class=\"alignnone\" src=\"https:\/\/kanzlei.soko-livekrimi.de\/wp-content\/uploads\/2022\/07\/alejandro-vergara-blanco-872557_640-200x300.jpg\" alt=\"\" width=\"200\" height=\"300\" \/><\/p>\n<p>Dr. Jonathan Hart<\/p>\n<p>Dr. Jonathan Hart<\/p>\n<p>Seit 1970 Eigent\u00fcmer der Anwaltskanzlei Hart (Sp\u00e4ter: Hart &amp; S\u00f6hne)<\/p>\n<p>Notar &amp;<br \/>\nFachanwalt f\u00fcr:<br \/>\nWohnungseigentumsrecht<br \/>\nNachbarschaftsrecht<br \/>\nMiet- und Pachtrecht<\/p>\n<style>\/*! elementor - v3.6.8 - 27-07-2022 *\/<br \/>\n.elementor-widget-divider{--divider-border-style:none;--divider-border-width:1px;--divider-color:#2c2c2c;--divider-icon-size:20px;--divider-element-spacing:10px;--divider-pattern-height:24px;--divider-pattern-size:20px;--divider-pattern-url:none;--divider-pattern-repeat:repeat-x}.elementor-widget-divider .elementor-divider{display:-webkit-box;display:-ms-flexbox;display:flex}.elementor-widget-divider .elementor-divider__text{font-size:15px;line-height:1;max-width:95%}.elementor-widget-divider .elementor-divider__element{margin:0 var(--divider-element-spacing);-ms-flex-negative:0;flex-shrink:0}.elementor-widget-divider .elementor-icon{font-size:var(--divider-icon-size)}.elementor-widget-divider .elementor-divider-separator{display:-webkit-box;display:-ms-flexbox;display:flex;margin:0;direction:ltr}.elementor-widget-divider--view-line_icon .elementor-divider-separator,.elementor-widget-divider--view-line_text .elementor-divider-separator{-webkit-box-align:center;-ms-flex-align:center;align-items:center}.elementor-widget-divider--view-line_icon .elementor-divider-separator:after,.elementor-widget-divider--view-line_icon .elementor-divider-separator:before,.elementor-widget-divider--view-line_text .elementor-divider-separator:after,.elementor-widget-divider--view-line_text .elementor-divider-separator:before{display:block;content:\"\";border-bottom:0;-webkit-box-flex:1;-ms-flex-positive:1;flex-grow:1;border-top:var(--divider-border-width) var(--divider-border-style) var(--divider-color)}.elementor-widget-divider--element-align-left .elementor-divider .elementor-divider-separator>.elementor-divider__svg:first-of-type{-webkit-box-flex:0;-ms-flex-positive:0;flex-grow:0;-ms-flex-negative:100;flex-shrink:100}.elementor-widget-divider--element-align-left .elementor-divider-separator:before{content:none}.elementor-widget-divider--element-align-left .elementor-divider__element{margin-left:0}.elementor-widget-divider--element-align-right .elementor-divider .elementor-divider-separator>.elementor-divider__svg:last-of-type{-webkit-box-flex:0;-ms-flex-positive:0;flex-grow:0;-ms-flex-negative:100;flex-shrink:100}.elementor-widget-divider--element-align-right .elementor-divider-separator:after{content:none}.elementor-widget-divider--element-align-right .elementor-divider__element{margin-right:0}.elementor-widget-divider:not(.elementor-widget-divider--view-line_text):not(.elementor-widget-divider--view-line_icon) .elementor-divider-separator{border-top:var(--divider-border-width) var(--divider-border-style) var(--divider-color)}.elementor-widget-divider--separator-type-pattern{--divider-border-style:none}.elementor-widget-divider--separator-type-pattern.elementor-widget-divider--view-line .elementor-divider-separator,.elementor-widget-divider--separator-type-pattern:not(.elementor-widget-divider--view-line) .elementor-divider-separator:after,.elementor-widget-divider--separator-type-pattern:not(.elementor-widget-divider--view-line) .elementor-divider-separator:before,.elementor-widget-divider--separator-type-pattern:not([class*=elementor-widget-divider--view]) .elementor-divider-separator{width:100%;min-height:var(--divider-pattern-height);-webkit-mask-size:var(--divider-pattern-size) 100%;mask-size:var(--divider-pattern-size) 100%;-webkit-mask-repeat:var(--divider-pattern-repeat);mask-repeat:var(--divider-pattern-repeat);background-color:var(--divider-color);-webkit-mask-image:var(--divider-pattern-url);mask-image:var(--divider-pattern-url)}.elementor-widget-divider--no-spacing{--divider-pattern-size:auto}.elementor-widget-divider--bg-round{--divider-pattern-repeat:round}.rtl .elementor-widget-divider .elementor-divider__text{direction:rtl}.e-container>.elementor-widget-divider{width:var(--container-widget-width,100%);-webkit-box-flex:1;-ms-flex-positive:1;flex-grow:1}<\/style>\n<p><img loading=\"lazy\" decoding=\"async\" class=\"alignnone\" src=\"https:\/\/kanzlei.soko-livekrimi.de\/wp-content\/uploads\/2022\/07\/business-man-1125324_640-199x300.jpg\" alt=\"\" width=\"199\" height=\"300\" \/><\/p>\n<p>Dr. Harald Hart<\/p>\n<p>Seit 2000 f\u00fcr die Kanzlei t\u00e4tig<\/p>\n<p>Notar &amp;<br \/>\nFachanwalt f\u00fcr:<br \/>\nErbrecht<br \/>\nFamilienrecht<\/p>\n<p><img loading=\"lazy\" decoding=\"async\" class=\"alignnone\" src=\"https:\/\/kanzlei.soko-livekrimi.de\/wp-content\/uploads\/2022\/07\/business-man-805769_640-200x300.jpg\" alt=\"\" width=\"200\" height=\"300\" \/><\/p>\n<p>Dr. Klaus Hart<\/p>\n<p>Seit 2001 f\u00fcr die Kanzlei t\u00e4tig<\/p>\n<p>Fachanwalt f\u00fcr:<br \/>\nStrafrecht<br \/>\nMarkenrecht<\/p>\n<p><img loading=\"lazy\" decoding=\"async\" class=\"alignnone\" src=\"https:\/\/kanzlei.soko-livekrimi.de\/wp-content\/uploads\/2022\/07\/entrepreneur-866662_640-200x300.jpg\" alt=\"\" width=\"200\" height=\"300\" \/><\/p>\n<p>Karl Lingens<\/p>\n<p>Seit 2016 f\u00fcr die Kanzlei t\u00e4tig<\/p>\n<p>Fachanwalt f\u00fcr:<br \/>\nArbeitsrecht<br \/>\nVertragsrecht<\/p>\n<p><img loading=\"lazy\" decoding=\"async\" class=\"alignnone\" src=\"https:\/\/kanzlei.soko-livekrimi.de\/wp-content\/uploads\/2022\/07\/african-american-1436661_640.jpg\" alt=\"\" width=\"426\" height=\"640\" \/><\/p>\n<p>Hussein M&#8217;Baye<\/p>\n<p>Seit 2021 f\u00fcr die Kanzlei t\u00e4tig<\/p>\n<p>Fachanwalt f\u00fcr:<br \/>\nVerkehrsrecht<br \/>\nReiserecht<\/p>\n<p><img loading=\"lazy\" decoding=\"async\" class=\"alignnone\" src=\"https:\/\/kanzlei.soko-livekrimi.de\/wp-content\/uploads\/2022\/07\/model-2911329_640.jpg\" alt=\"\" width=\"640\" height=\"427\" \/><\/p>\n<p>Chen Berger<\/p>\n<p>Seit 2020 f\u00fcr die Kanzlei t\u00e4tig<\/p>\n<p>Fachanwalt f\u00fcr:<br \/>\nHandelsrecht<br \/>\nInternetrecht<br \/>\nWirtschaftsrecht<\/p>\n<p><img loading=\"lazy\" decoding=\"async\" class=\"alignnone\" src=\"https:\/\/kanzlei.soko-livekrimi.de\/wp-content\/uploads\/2022\/07\/smiling-2362136_640.jpg\" alt=\"\" width=\"640\" height=\"427\" \/><\/p>\n<p>Melissa Hastings<\/p>\n<p>Seit 2022 f\u00fcr die Kanzlei t\u00e4tig<\/p>\n<p>Fachanw\u00e4ltin f\u00fcr:<br \/>\nSozialrecht<br \/>\nUnterhaltsrecht<br \/>\nSteuerrecht<\/p>\n<p><img loading=\"lazy\" decoding=\"async\" class=\"alignnone\" src=\"https:\/\/kanzlei.soko-livekrimi.de\/wp-content\/uploads\/2022\/07\/person-1138435_640.jpg\" alt=\"\" width=\"640\" height=\"426\" \/><\/p>\n<p>Marlies Hart<\/p>\n<p>Seit 2001 f\u00fcr die Kanzlei t\u00e4tig<\/p>\n<p>Steuerfachangestellte &amp;<br \/>\nGute Seele des B\u00fcros<\/p>\n<p><img loading=\"lazy\" decoding=\"async\" src=\"https:\/\/kanzlei.soko-livekrimi.de\/wp-content\/uploads\/2022\/07\/woman-4525646_640-150x150.jpg\" alt=\"\" width=\"150\" height=\"150\" \/><\/p>\n<p>Carina Reed<\/p>\n<p>Seit 2022 f\u00fcr die Kanzlei t\u00e4tig<\/p>\n<p>Empfang &amp; Sekretariat<\/p>\n","protected":false},"excerpt":{"rendered":"<p>Dr. Jonathan Hart Dr. Jonathan Hart Seit 1970 Eigent\u00fcmer der Anwaltskanzlei Hart (Sp\u00e4ter: Hart &amp; S\u00f6hne) Notar &amp; Fachanwalt f\u00fcr: Wohnungseigentumsrecht Nachbarschaftsrecht Miet- und Pachtrecht Dr. Harald Hart Seit 2000 f\u00fcr die Kanzlei t\u00e4tig Notar &amp; Fachanwalt f\u00fcr: Erbrecht Familienrecht Dr. Klaus Hart Seit 2001 f\u00fcr die Kanzlei t\u00e4tig Fachanwalt f\u00fcr: Strafrecht Markenrecht Karl Lingens &hellip; <a href=\"https:\/\/kanzlei.soko-livekrimi.de\/?page_id=71\" class=\"more-link\"><span class=\"screen-reader-text\">\u201eUnser Team\u201c<\/span> weiterlesen<\/a><\/p>\n","protected":false},"author":1,"featured_media":0,"parent":0,"menu_order":0,"comment_status":"closed","ping_status":"closed","template":"","meta":{"footnotes":""},"class_list":["post-71","page","type-page","status-publish","hentry"],"_links":{"self":[{"href":"https:\/\/kanzlei.soko-livekrimi.de\/index.php?rest_route=\/wp\/v2\/pages\/71","targetHints":{"allow":["GET"]}}],"collection":[{"href":"https:\/\/kanzlei.soko-livekrimi.de\/index.php?rest_route=\/wp\/v2\/pages"}],"about":[{"href":"https:\/\/kanzlei.soko-livekrimi.de\/index.php?rest_route=\/wp\/v2\/types\/page"}],"author":[{"embeddable":true,"href":"https:\/\/kanzlei.soko-livekrimi.de\/index.php?rest_route=\/wp\/v2\/users\/1"}],"replies":[{"embeddable":true,"href":"https:\/\/kanzlei.soko-livekrimi.de\/index.php?rest_route=%2Fwp%2Fv2%2Fcomments&post=71"}],"version-history":[{"count":1,"href":"https:\/\/kanzlei.soko-livekrimi.de\/index.php?rest_route=\/wp\/v2\/pages\/71\/revisions"}],"predecessor-version":[{"id":154,"href":"https:\/\/kanzlei.soko-livekrimi.de\/index.php?rest_route=\/wp\/v2\/pages\/71\/revisions\/154"}],"wp:attachment":[{"href":"https:\/\/kanzlei.soko-livekrimi.de\/index.php?rest_route=%2Fwp%2Fv2%2Fmedia&parent=71"}],"curies":[{"name":"wp","href":"https:\/\/api.w.org\/{rel}","templated":true}]}}