{"id":125,"date":"2016-05-10T03:48:21","date_gmt":"2016-05-10T03:48:21","guid":{"rendered":"http:\/\/sokokanzlei.myhappyspace.de\/?page_id=2"},"modified":"2024-11-13T06:06:58","modified_gmt":"2024-11-13T06:06:58","slug":"sample-page-2","status":"publish","type":"page","link":"https:\/\/kanzlei.soko-livekrimi.de\/","title":{"rendered":"Anwaltskanzlei Hart &#038; S\u00f6hne"},"content":{"rendered":"<p>Herzlich Willkommen auf der Internetpr\u00e4senz der Rechtsanwaltskanzlei\u00a0 &#8222;Hart &amp; S\u00f6hne GbR&#8220;.<\/p>\n<p>Wir sind Ihre Rechtsanw\u00e4lte und Notare in s\u00e4mtlichen Rechtsfragen.<\/p>\n<p>Wir beraten und vertreten Sie kompetent in Rechtsangelegenheiten verschiedener Disziplinen.<br \/>\nUnser Team aus Fachanw\u00e4lten, Notaren und Steuerfachangestellten hilft Ihnen bei jeder Ihrer Fragen.<\/p>\n<p>Vereinbaren Sie Ihren kostenlosen Erstberatungstermin online.<\/p>\n<p>Bestandskunden k\u00f6nnen in Ihrem pers\u00f6nlichen Online Portal jederzeit Ihre Unterlagen einsehen.<\/p>\n<p>Ihr Jonathan Hart<\/p>\n<p><img loading=\"lazy\" decoding=\"async\" class=\"size-medium wp-image-34 alignleft\" src=\"https:\/\/kanzlei.soko-livekrimi.de\/wp-content\/uploads\/2022\/07\/alejandro-vergara-blanco-872557_640-200x300.jpg\" alt=\"\" width=\"200\" height=\"300\" srcset=\"https:\/\/kanzlei.soko-livekrimi.de\/wp-content\/uploads\/2022\/07\/alejandro-vergara-blanco-872557_640-200x300.jpg 200w, https:\/\/kanzlei.soko-livekrimi.de\/wp-content\/uploads\/2022\/07\/alejandro-vergara-blanco-872557_640.jpg 426w\" sizes=\"auto, (max-width: 200px) 85vw, 200px\" \/><\/p>\n","protected":false},"excerpt":{"rendered":"<p>Herzlich Willkommen auf der Internetpr\u00e4senz der Rechtsanwaltskanzlei\u00a0 &#8222;Hart &amp; S\u00f6hne GbR&#8220;. Wir sind Ihre Rechtsanw\u00e4lte und Notare in s\u00e4mtlichen Rechtsfragen. Wir beraten und vertreten Sie kompetent in Rechtsangelegenheiten verschiedener Disziplinen. Unser Team aus Fachanw\u00e4lten, Notaren und Steuerfachangestellten hilft Ihnen bei jeder Ihrer Fragen. Vereinbaren Sie Ihren kostenlosen Erstberatungstermin online. Bestandskunden k\u00f6nnen in Ihrem pers\u00f6nlichen Online &hellip; <a href=\"https:\/\/kanzlei.soko-livekrimi.de\/\" class=\"more-link\"><span class=\"screen-reader-text\">\u201eAnwaltskanzlei Hart &#038; S\u00f6hne\u201c<\/span> weiterlesen<\/a><\/p>\n","protected":false},"author":1,"featured_media":0,"parent":0,"menu_order":0,"comment_status":"closed","ping_status":"closed","template":"","meta":{"footnotes":""},"class_list":["post-125","page","type-page","status-publish","hentry"],"_links":{"self":[{"href":"https:\/\/kanzlei.soko-livekrimi.de\/index.php?rest_route=\/wp\/v2\/pages\/125","targetHints":{"allow":["GET"]}}],"collection":[{"href":"https:\/\/kanzlei.soko-livekrimi.de\/index.php?rest_route=\/wp\/v2\/pages"}],"about":[{"href":"https:\/\/kanzlei.soko-livekrimi.de\/index.php?rest_route=\/wp\/v2\/types\/page"}],"author":[{"embeddable":true,"href":"https:\/\/kanzlei.soko-livekrimi.de\/index.php?rest_route=\/wp\/v2\/users\/1"}],"replies":[{"embeddable":true,"href":"https:\/\/kanzlei.soko-livekrimi.de\/index.php?rest_route=%2Fwp%2Fv2%2Fcomments&post=125"}],"version-history":[{"count":1,"href":"https:\/\/kanzlei.soko-livekrimi.de\/index.php?rest_route=\/wp\/v2\/pages\/125\/revisions"}],"predecessor-version":[{"id":147,"href":"https:\/\/kanzlei.soko-livekrimi.de\/index.php?rest_route=\/wp\/v2\/pages\/125\/revisions\/147"}],"wp:attachment":[{"href":"https:\/\/kanzlei.soko-livekrimi.de\/index.php?rest_route=%2Fwp%2Fv2%2Fmedia&parent=125"}],"curies":[{"name":"wp","href":"https:\/\/api.w.org\/{rel}","templated":true}]}}